{"id":6917,"date":"2019-08-29T04:30:10","date_gmt":"2019-08-29T02:30:10","guid":{"rendered":""},"modified":"2025-03-25T19:51:41","modified_gmt":"2025-03-25T18:51:41","slug":"expositions","status":"publish","type":"page","link":"https:\/\/ara-france.fr\/?page_id=6917","title":{"rendered":"Expositions"},"content":{"rendered":"\t\t<div data-elementor-type=\"wp-page\" data-elementor-id=\"6917\" class=\"elementor elementor-6917\">\n\t\t\t\t\t\t\t\t\t<section class=\"elementor-section elementor-top-section elementor-element elementor-element-5c6ab7f elementor-section-boxed elementor-section-gap-beside-yes elementor-section-height-default elementor-section-height-default elementor-section-column-vertical-align-stretch\" data-id=\"5c6ab7f\" data-element_type=\"section\">\n\t\t\t\t\t\t<div class=\"elementor-container elementor-column-gap-extended\">\n\t\t\t\t\t<div class=\"elementor-column elementor-col-100 elementor-top-column elementor-element elementor-element-0a643a4\" data-id=\"0a643a4\" data-element_type=\"column\">\n\t\t\t<div class=\"elementor-widget-wrap elementor-element-populated\">\n\t\t\t\t\t\t\t\t<div class=\"elementor-element elementor-element-f3282bc elementor-widget elementor-widget-spacer\" data-id=\"f3282bc\" data-element_type=\"widget\" data-widget_type=\"spacer.default\">\n\t\t\t\t<div class=\"elementor-widget-container\">\n\t\t\t<style>\/*! elementor - v3.7.4 - 31-08-2022 *\/\n.elementor-column .elementor-spacer-inner{height:var(--spacer-size)}.e-container{--container-widget-width:100%}.e-container>.elementor-widget-spacer{width:var(--container-widget-width,var(--spacer-size));-ms-flex-item-align:stretch;align-self:stretch;-ms-flex-negative:0;flex-shrink:0}.e-container>.elementor-widget-spacer>.elementor-widget-container,.e-container>.elementor-widget-spacer>.elementor-widget-container>.elementor-spacer{height:100%}.e-container>.elementor-widget-spacer>.elementor-widget-container>.elementor-spacer>.elementor-spacer-inner{height:var(--container-widget-height,var(--spacer-size))}<\/style>\t\t<div class=\"elementor-spacer\">\n\t\t\t<div class=\"elementor-spacer-inner\"><\/div>\n\t\t<\/div>\n\t\t\t\t<\/div>\n\t\t\t\t<\/div>\n\t\t\t\t\t<\/div>\n\t\t<\/div>\n\t\t\t\t\t\t\t<\/div>\n\t\t<\/section>\n\t\t\t\t<section class=\"elementor-section elementor-top-section elementor-element elementor-element-4828eb3 elementor-section-boxed elementor-section-gap-beside-yes elementor-section-height-default elementor-section-height-default elementor-section-column-vertical-align-stretch\" data-id=\"4828eb3\" data-element_type=\"section\" id=\"section-about\">\n\t\t\t\t\t\t<div class=\"elementor-container elementor-column-gap-extended\">\n\t\t\t\t\t<div class=\"elementor-column elementor-col-50 elementor-top-column elementor-element elementor-element-83d4c43 elementor-invisible\" data-id=\"83d4c43\" data-element_type=\"column\" data-settings=\"{&quot;animation&quot;:&quot;billyFadeInUp&quot;}\">\n\t\t\t<div class=\"elementor-widget-wrap elementor-element-populated\">\n\t\t\t\t\t\t\t\t<div class=\"elementor-element elementor-element-a8090c5 elementor-widget elementor-widget-image\" data-id=\"a8090c5\" data-element_type=\"widget\" data-widget_type=\"image.default\">\n\t\t\t\t<div class=\"elementor-widget-container\">\n\t\t\t<style>\/*! elementor - v3.7.4 - 31-08-2022 *\/\n.elementor-widget-image{text-align:center}.elementor-widget-image a{display:inline-block}.elementor-widget-image a img[src$=\".svg\"]{width:48px}.elementor-widget-image img{vertical-align:middle;display:inline-block}<\/style>\t\t\t\t\t\t\t\t\t\t\t\t<img loading=\"lazy\" decoding=\"async\" width=\"640\" height=\"640\" src=\"https:\/\/ara-france.fr\/wp-content\/uploads\/2025\/03\/reseaux-1024x1024.jpg\" class=\"attachment-large size-large\" alt=\"\" srcset=\"https:\/\/ara-france.fr\/wp-content\/uploads\/2025\/03\/reseaux-1024x1024.jpg 1024w, https:\/\/ara-france.fr\/wp-content\/uploads\/2025\/03\/reseaux-300x300.jpg 300w, https:\/\/ara-france.fr\/wp-content\/uploads\/2025\/03\/reseaux-150x150.jpg 150w, https:\/\/ara-france.fr\/wp-content\/uploads\/2025\/03\/reseaux-768x768.jpg 768w, https:\/\/ara-france.fr\/wp-content\/uploads\/2025\/03\/reseaux-600x600.jpg 600w, https:\/\/ara-france.fr\/wp-content\/uploads\/2025\/03\/reseaux-100x100.jpg 100w, https:\/\/ara-france.fr\/wp-content\/uploads\/2025\/03\/reseaux.jpg 1080w\" sizes=\"auto, (max-width: 640px) 100vw, 640px\" \/>\t\t\t\t\t\t\t\t\t\t\t\t\t\t\t<\/div>\n\t\t\t\t<\/div>\n\t\t\t\t\t<\/div>\n\t\t<\/div>\n\t\t\t\t<div class=\"elementor-column elementor-col-50 elementor-top-column elementor-element elementor-element-63fffb2 elementor-invisible\" data-id=\"63fffb2\" data-element_type=\"column\" data-settings=\"{&quot;animation&quot;:&quot;billyFadeInUp&quot;}\">\n\t\t\t<div class=\"elementor-widget-wrap elementor-element-populated\">\n\t\t\t\t\t\t\t\t<div class=\"elementor-element elementor-element-e66966c elementor-widget elementor-widget-tm-heading\" data-id=\"e66966c\" data-element_type=\"widget\" data-widget_type=\"tm-heading.default\">\n\t\t\t\t<div class=\"elementor-widget-container\">\n\t\t\t\t\t<div class=\"tm-modern-heading\">\n\t\t\t\n\t\t\t\t\t<div class=\"heading-primary-wrap\">\n\t\t\t<h2 class=\"heading-primary elementor-heading-title\">Du 16 janvier au 07 f\u00e9vrier 2026, dans le Salon du Vieux Colombier, mairie du 6\u00e8me arrondissement de Paris<\/h2>\t\t<\/div>\n\t\t\n\t\t\t\n\t\t\t\t\t<div class=\"heading-description-wrap\">\n\t\t\t<div class=\"heading-description\">\n\t\t\t\t<p>Le sujet est vaste et couvre les textes depuis l\u2019Antiquit\u00e9 jusqu\u2019\u00e0 nos jours. Cela vous ouvre un choix immense, d\u2019Hom\u00e8re \u00e0 Grimm, des sagas islandaises (ch\u00e8res \u00e0 votre Pr\u00e9sident) \u00e0 Charles Perrault et tant d\u2019autres. \u00c0 vous de trouver le livre que vous aurez plaisir \u00e0 magnifier par votre travail de reliure d\u2019art.<\/p><p><em><i>Philippe Serrier<\/i>, pr\u00e9sident ARA France<\/em><\/p><p>\u00a0<\/p>\t\t\t<\/div>\n\t\t<\/div>\n\t\t\t<\/div>\n\t\t\t\t<\/div>\n\t\t\t\t<\/div>\n\t\t\t\t<div class=\"elementor-element elementor-element-2fb6fb6 elementor-icon-list--layout-traditional elementor-list-item-link-full_width elementor-widget elementor-widget-icon-list\" data-id=\"2fb6fb6\" data-element_type=\"widget\" data-widget_type=\"icon-list.default\">\n\t\t\t\t<div class=\"elementor-widget-container\">\n\t\t\t<link rel=\"stylesheet\" href=\"http:\/\/ara-france.fr\/wp-content\/plugins\/elementor\/assets\/css\/widget-icon-list.min.css\">\t\t<ul class=\"elementor-icon-list-items\">\n\t\t\t\t\t\t\t<li class=\"elementor-icon-list-item\">\n\t\t\t\t\t\t\t\t\t\t\t<a href=\"http:\/\/www.ara-france.fr\/bulletin\/2024\/1_Conditions_de_participation.pdf\">\n\n\t\t\t\t\t\t\t\t\t\t\t\t<span class=\"elementor-icon-list-icon\">\n\t\t\t\t\t\t\t<i aria-hidden=\"true\" class=\"fas fa-check-circle\"><\/i>\t\t\t\t\t\t<\/span>\n\t\t\t\t\t\t\t\t\t\t<span class=\"elementor-icon-list-text\">Conditions de participation<\/span>\n\t\t\t\t\t\t\t\t\t\t\t<\/a>\n\t\t\t\t\t\t\t\t\t<\/li>\n\t\t\t\t\t\t\t\t<li class=\"elementor-icon-list-item\">\n\t\t\t\t\t\t\t\t\t\t\t<a href=\"http:\/\/www.ara-france.fr\/bulletin\/2024\/2_Formulaire_inscription.pdf\">\n\n\t\t\t\t\t\t\t\t\t\t\t\t<span class=\"elementor-icon-list-icon\">\n\t\t\t\t\t\t\t<i aria-hidden=\"true\" class=\"fas fa-check-circle\"><\/i>\t\t\t\t\t\t<\/span>\n\t\t\t\t\t\t\t\t\t\t<span class=\"elementor-icon-list-text\">Formulaire d'inscription<\/span>\n\t\t\t\t\t\t\t\t\t\t\t<\/a>\n\t\t\t\t\t\t\t\t\t<\/li>\n\t\t\t\t\t\t\t\t<li class=\"elementor-icon-list-item\">\n\t\t\t\t\t\t\t\t\t\t\t<a href=\"http:\/\/www.ara-france.fr\/bulletin\/2024\/3_Fiche_descriptive.docx\">\n\n\t\t\t\t\t\t\t\t\t\t\t\t<span class=\"elementor-icon-list-icon\">\n\t\t\t\t\t\t\t<i aria-hidden=\"true\" class=\"fas fa-check-circle\"><\/i>\t\t\t\t\t\t<\/span>\n\t\t\t\t\t\t\t\t\t\t<span class=\"elementor-icon-list-text\">Fiche descriptive<\/span>\n\t\t\t\t\t\t\t\t\t\t\t<\/a>\n\t\t\t\t\t\t\t\t\t<\/li>\n\t\t\t\t\t\t<\/ul>\n\t\t\t\t<\/div>\n\t\t\t\t<\/div>\n\t\t\t\t\t<\/div>\n\t\t<\/div>\n\t\t\t\t\t\t\t<\/div>\n\t\t<\/section>\n\t\t\t\t<section class=\"elementor-section elementor-top-section elementor-element elementor-element-6e3d165 elementor-section-stretched elementor-section-boxed elementor-section-gap-beside-yes elementor-section-height-default elementor-section-height-default elementor-section-column-vertical-align-stretch\" data-id=\"6e3d165\" data-element_type=\"section\" data-settings=\"{&quot;stretch_section&quot;:&quot;section-stretched&quot;,&quot;background_background&quot;:&quot;classic&quot;}\">\n\t\t\t\t\t\t<div class=\"elementor-container elementor-column-gap-extended\">\n\t\t\t\t\t<div class=\"elementor-column elementor-col-100 elementor-top-column elementor-element elementor-element-fc8ddaa\" data-id=\"fc8ddaa\" data-element_type=\"column\">\n\t\t\t<div class=\"elementor-widget-wrap elementor-element-populated\">\n\t\t\t\t\t\t\t\t<div class=\"elementor-element elementor-element-d660fff elementor-invisible elementor-widget elementor-widget-tm-heading\" data-id=\"d660fff\" data-element_type=\"widget\" data-settings=\"{&quot;_animation&quot;:&quot;billyFadeInUp&quot;}\" data-widget_type=\"tm-heading.default\">\n\t\t\t\t<div class=\"elementor-widget-container\">\n\t\t\t\t\t<div class=\"tm-modern-heading\">\n\t\t\t\n\t\t\t\t\t<div class=\"heading-primary-wrap\">\n\t\t\t<h2 class=\"heading-primary elementor-heading-title\">Expositions pass\u00e9es<\/h2>\t\t<\/div>\n\t\t\n\t\t\t\n\t\t\t\t\t<\/div>\n\t\t\t\t<\/div>\n\t\t\t\t<\/div>\n\t\t\t\t<section class=\"elementor-section elementor-inner-section elementor-element elementor-element-f6607b8 elementor-section-boxed elementor-section-gap-beside-yes elementor-section-height-default elementor-section-height-default elementor-section-column-vertical-align-stretch\" data-id=\"f6607b8\" data-element_type=\"section\">\n\t\t\t\t\t\t<div class=\"elementor-container elementor-column-gap-extended\">\n\t\t\t\t\t<div class=\"elementor-column elementor-col-50 elementor-inner-column elementor-element elementor-element-c5d0198\" data-id=\"c5d0198\" data-element_type=\"column\">\n\t\t\t<div class=\"elementor-widget-wrap elementor-element-populated\">\n\t\t\t\t\t\t\t\t<div class=\"elementor-element elementor-element-3e7b3db elementor-invisible elementor-widget elementor-widget-tm-icon-box\" data-id=\"3e7b3db\" data-element_type=\"widget\" data-settings=\"{&quot;_animation&quot;:&quot;billyFadeInUp&quot;}\" data-widget_type=\"tm-icon-box.default\">\n\t\t\t\t<div class=\"elementor-widget-container\">\n\t\t\t\t\t<div class=\"tm-icon-box\">\n\t\t<div class=\"icon-box-wrapper\">\n\t\t\t\t\t<div class=\"billey-icon-wrap\">\n\t\t\t<div class=\"billey-icon-view first\">\n\t\t\t\t<div class=\"billey-icon-view-inner\">\n\t\t\t\t\t\n\t\t\t\t\t<div class=\"billey-icon icon billey-solid-icon\">\n\t\t\t\t\t\t\t\t\t\t\t<\/div>\n\t\t\t\t<\/div>\n\t\t\t<\/div>\n\n\t\t\t\t\t<\/div>\n\t\t\n\t\t\t<div class=\"icon-box-content\">\n\t\t\t\t\t\t<div class=\"heading-wrap\">\n\t\t\t<h3 class=\"heading\">Livres en mains - Petits formats reli\u00e9s<\/h3>\n\t\t\t\t\t<\/div>\n\t\t\n\t\t\t\t\t\t<div class=\"description-wrap\">\n\t\t\t<div class=\"description\">\n\t\t\t\tParis, Mairie du 6\u00e8me, 2023\t\t\t<\/div>\n\t\t<\/div>\n\t\t\n\t\t\t\t\t\t<div class=\"button-wrap\">\n\t\t\t<a class=\"icon-box-button\" href=\"http:\/\/ara-france.fr\/?page_id=7827\">> Catalogue de l'exposition<\/a>\t\t<\/div>\n\t\t\t\t\t<\/div>\n\t\t<\/div>\n\n\t\t<\/div>\t\t\t\t<\/div>\n\t\t\t\t<\/div>\n\t\t\t\t<div class=\"elementor-element elementor-element-f518cd0 elementor-invisible elementor-widget elementor-widget-tm-icon-box\" data-id=\"f518cd0\" data-element_type=\"widget\" data-settings=\"{&quot;_animation&quot;:&quot;billyFadeInUp&quot;}\" data-widget_type=\"tm-icon-box.default\">\n\t\t\t\t<div class=\"elementor-widget-container\">\n\t\t\t\t\t<div class=\"tm-icon-box\">\n\t\t<div class=\"icon-box-wrapper\">\n\t\t\t\t\t<div class=\"billey-icon-wrap\">\n\t\t\t<div class=\"billey-icon-view first\">\n\t\t\t\t<div class=\"billey-icon-view-inner\">\n\t\t\t\t\t\n\t\t\t\t\t<div class=\"billey-icon icon billey-solid-icon\">\n\t\t\t\t\t\t\t\t\t\t\t<\/div>\n\t\t\t\t<\/div>\n\t\t\t<\/div>\n\n\t\t\t\t\t<\/div>\n\t\t\n\t\t\t<div class=\"icon-box-content\">\n\t\t\t\t\t\t<div class=\"heading-wrap\">\n\t\t\t<h3 class=\"heading\">Reliures Oc\u00e9anes<\/h3>\n\t\t\t\t\t<\/div>\n\t\t\n\t\t\t\t\t\t<div class=\"description-wrap\">\n\t\t\t<div class=\"description\">\n\t\t\t\tParis, Mairie du 6\u00e8me, 2016\t\t\t<\/div>\n\t\t<\/div>\n\t\t\n\t\t\t\t\t\t<div class=\"button-wrap\">\n\t\t\t<a class=\"icon-box-button\" href=\"http:\/\/ara-france.fr\/?page_id=7827\">> Catalogue de l'exposition<\/a>\t\t<\/div>\n\t\t\t\t\t<\/div>\n\t\t<\/div>\n\n\t\t<\/div>\t\t\t\t<\/div>\n\t\t\t\t<\/div>\n\t\t\t\t<div class=\"elementor-element elementor-element-061b47e elementor-invisible elementor-widget elementor-widget-tm-icon-box\" data-id=\"061b47e\" data-element_type=\"widget\" data-settings=\"{&quot;_animation&quot;:&quot;billyFadeInUp&quot;}\" data-widget_type=\"tm-icon-box.default\">\n\t\t\t\t<div class=\"elementor-widget-container\">\n\t\t\t\t\t<div class=\"tm-icon-box\">\n\t\t<div class=\"icon-box-wrapper\">\n\t\t\t\t\t<div class=\"billey-icon-wrap\">\n\t\t\t<div class=\"billey-icon-view first\">\n\t\t\t\t<div class=\"billey-icon-view-inner\">\n\t\t\t\t\t\n\t\t\t\t\t<div class=\"billey-icon icon billey-solid-icon\">\n\t\t\t\t\t\t\t\t\t\t\t<\/div>\n\t\t\t\t<\/div>\n\t\t\t<\/div>\n\n\t\t\t\t\t<\/div>\n\t\t\n\t\t\t<div class=\"icon-box-content\">\n\t\t\t\t\t\t<div class=\"heading-wrap\">\n\t\t\t<h3 class=\"heading\">La Reliure en papier, la fibre cr\u00e9ative Reims, <\/h3>\n\t\t\t\t\t<\/div>\n\t\t\n\t\t\t\t\t\t<div class=\"description-wrap\">\n\t\t\t<div class=\"description\">\n\t\t\t\tBiblioth\u00e8que Carnegie, 2013 \t\t\t<\/div>\n\t\t<\/div>\n\t\t\n\t\t\t\t\t\t\t<\/div>\n\t\t<\/div>\n\n\t\t<\/div>\t\t\t\t<\/div>\n\t\t\t\t<\/div>\n\t\t\t\t<div class=\"elementor-element elementor-element-84edea6 elementor-invisible elementor-widget elementor-widget-tm-icon-box\" data-id=\"84edea6\" data-element_type=\"widget\" data-settings=\"{&quot;_animation&quot;:&quot;billyFadeInUp&quot;}\" data-widget_type=\"tm-icon-box.default\">\n\t\t\t\t<div class=\"elementor-widget-container\">\n\t\t\t\t\t<div class=\"tm-icon-box\">\n\t\t<div class=\"icon-box-wrapper\">\n\t\t\t\t\t<div class=\"billey-icon-wrap\">\n\t\t\t<div class=\"billey-icon-view first\">\n\t\t\t\t<div class=\"billey-icon-view-inner\">\n\t\t\t\t\t\n\t\t\t\t\t<div class=\"billey-icon icon billey-solid-icon\">\n\t\t\t\t\t\t\t\t\t\t\t<\/div>\n\t\t\t\t<\/div>\n\t\t\t<\/div>\n\n\t\t\t\t\t<\/div>\n\t\t\n\t\t\t<div class=\"icon-box-content\">\n\t\t\t\t\t\t<div class=\"heading-wrap\">\n\t\t\t<h3 class=\"heading\">Reliures Gourmandes <\/h3>\n\t\t\t\t\t<\/div>\n\t\t\n\t\t\t\t\t\t<div class=\"description-wrap\">\n\t\t\t<div class=\"description\">\n\t\t\t\tMetz, L'Arsenal, 2009 \t\t\t<\/div>\n\t\t<\/div>\n\t\t\n\t\t\t\t\t\t<div class=\"button-wrap\">\n\t\t\t<a class=\"icon-box-button\" href=\"http:\/\/ara-france.fr\/?page_id=7827\">> Catalogue de l'exposition<\/a>\t\t<\/div>\n\t\t\t\t\t<\/div>\n\t\t<\/div>\n\n\t\t<\/div>\t\t\t\t<\/div>\n\t\t\t\t<\/div>\n\t\t\t\t<div class=\"elementor-element elementor-element-e7c6c6f elementor-invisible elementor-widget elementor-widget-tm-icon-box\" data-id=\"e7c6c6f\" data-element_type=\"widget\" data-settings=\"{&quot;_animation&quot;:&quot;billyFadeInUp&quot;}\" data-widget_type=\"tm-icon-box.default\">\n\t\t\t\t<div class=\"elementor-widget-container\">\n\t\t\t\t\t<div class=\"tm-icon-box\">\n\t\t<div class=\"icon-box-wrapper\">\n\t\t\t\t\t<div class=\"billey-icon-wrap\">\n\t\t\t<div class=\"billey-icon-view first\">\n\t\t\t\t<div class=\"billey-icon-view-inner\">\n\t\t\t\t\t\n\t\t\t\t\t<div class=\"billey-icon icon billey-solid-icon\">\n\t\t\t\t\t\t\t\t\t\t\t<\/div>\n\t\t\t\t<\/div>\n\t\t\t<\/div>\n\n\t\t\t\t\t<\/div>\n\t\t\n\t\t\t<div class=\"icon-box-content\">\n\t\t\t\t\t\t<div class=\"heading-wrap\">\n\t\t\t<h3 class=\"heading\">Autour de Mallarm\u00e9, <\/br> la reliure Vulaines sur Seine<\/h3>\n\t\t\t\t\t<\/div>\n\t\t\n\t\t\t\t\t\t<div class=\"description-wrap\">\n\t\t\t<div class=\"description\">\n\t\t\t\tMus\u00e9e St\u00e9phane Mallarm\u00e9, 2008\t\t\t<\/div>\n\t\t<\/div>\n\t\t\n\t\t\t\t\t\t<div class=\"button-wrap\">\n\t\t\t<a class=\"icon-box-button\" href=\"http:\/\/ara-france.fr\/?page_id=7827\">> CATALOGUE de l'exposition<\/a>\t\t<\/div>\n\t\t\t\t\t<\/div>\n\t\t<\/div>\n\n\t\t<\/div>\t\t\t\t<\/div>\n\t\t\t\t<\/div>\n\t\t\t\t\t<\/div>\n\t\t<\/div>\n\t\t\t\t<div class=\"elementor-column elementor-col-50 elementor-inner-column elementor-element elementor-element-f726ecd\" data-id=\"f726ecd\" data-element_type=\"column\">\n\t\t\t<div class=\"elementor-widget-wrap elementor-element-populated\">\n\t\t\t\t\t\t\t\t<div class=\"elementor-element elementor-element-6c2ddb0 elementor-invisible elementor-widget elementor-widget-tm-icon-box\" data-id=\"6c2ddb0\" data-element_type=\"widget\" data-settings=\"{&quot;_animation&quot;:&quot;billyFadeInUp&quot;}\" data-widget_type=\"tm-icon-box.default\">\n\t\t\t\t<div class=\"elementor-widget-container\">\n\t\t\t\t\t<div class=\"tm-icon-box\">\n\t\t<div class=\"icon-box-wrapper\">\n\t\t\t\t\t<div class=\"billey-icon-wrap\">\n\t\t\t<div class=\"billey-icon-view first\">\n\t\t\t\t<div class=\"billey-icon-view-inner\">\n\t\t\t\t\t\n\t\t\t\t\t<div class=\"billey-icon icon billey-solid-icon\">\n\t\t\t\t\t\t\t\t\t\t\t<\/div>\n\t\t\t\t<\/div>\n\t\t\t<\/div>\n\n\t\t\t\t\t<\/div>\n\t\t\n\t\t\t<div class=\"icon-box-content\">\n\t\t\t\t\t\t<div class=\"heading-wrap\">\n\t\t\t<h3 class=\"heading\">Hommage aux \u00e9crivains de la Grande Guerre<\/h3>\n\t\t\t\t\t<\/div>\n\t\t\n\t\t\t\t\t\t<div class=\"description-wrap\">\n\t\t\t<div class=\"description\">\n\t\t\t\tParis, Mairie du 6\u00e8me, 2019\t\t\t<\/div>\n\t\t<\/div>\n\t\t\n\t\t\t\t\t\t<div class=\"button-wrap\">\n\t\t\t<a class=\"icon-box-button\" href=\"http:\/\/ara-france.fr\/?page_id=7827\">> Catalogue de l'exposition<\/a>\t\t<\/div>\n\t\t\t\t\t<\/div>\n\t\t<\/div>\n\n\t\t<\/div>\t\t\t\t<\/div>\n\t\t\t\t<\/div>\n\t\t\t\t<div class=\"elementor-element elementor-element-5275351 elementor-invisible elementor-widget elementor-widget-tm-icon-box\" data-id=\"5275351\" data-element_type=\"widget\" data-settings=\"{&quot;_animation&quot;:&quot;billyFadeInUp&quot;}\" data-widget_type=\"tm-icon-box.default\">\n\t\t\t\t<div class=\"elementor-widget-container\">\n\t\t\t\t\t<div class=\"tm-icon-box\">\n\t\t<div class=\"icon-box-wrapper\">\n\t\t\t\t\t<div class=\"billey-icon-wrap\">\n\t\t\t<div class=\"billey-icon-view first\">\n\t\t\t\t<div class=\"billey-icon-view-inner\">\n\t\t\t\t\t\n\t\t\t\t\t<div class=\"billey-icon icon billey-solid-icon\">\n\t\t\t\t\t\t\t\t\t\t\t<\/div>\n\t\t\t\t<\/div>\n\t\t\t<\/div>\n\n\t\t\t\t\t<\/div>\n\t\t\n\t\t\t<div class=\"icon-box-content\">\n\t\t\t\t\t\t<div class=\"heading-wrap\">\n\t\t\t<h3 class=\"heading\">XIe FIRA <\/h3>\n\t\t\t\t\t<\/div>\n\t\t\n\t\t\t\t\t\t<div class=\"description-wrap\">\n\t\t\t<div class=\"description\">\n\t\t\t\tN\u00eemes, Carr\u00e9 d'Art, 2014\t\t\t<\/div>\n\t\t<\/div>\n\t\t\n\t\t\t\t\t\t\t<\/div>\n\t\t<\/div>\n\n\t\t<\/div>\t\t\t\t<\/div>\n\t\t\t\t<\/div>\n\t\t\t\t<div class=\"elementor-element elementor-element-1825d1b elementor-invisible elementor-widget elementor-widget-tm-icon-box\" data-id=\"1825d1b\" data-element_type=\"widget\" data-settings=\"{&quot;_animation&quot;:&quot;billyFadeInUp&quot;}\" data-widget_type=\"tm-icon-box.default\">\n\t\t\t\t<div class=\"elementor-widget-container\">\n\t\t\t\t\t<div class=\"tm-icon-box\">\n\t\t<div class=\"icon-box-wrapper\">\n\t\t\t\t\t<div class=\"billey-icon-wrap\">\n\t\t\t<div class=\"billey-icon-view first\">\n\t\t\t\t<div class=\"billey-icon-view-inner\">\n\t\t\t\t\t\n\t\t\t\t\t<div class=\"billey-icon icon billey-solid-icon\">\n\t\t\t\t\t\t\t\t\t\t\t<\/div>\n\t\t\t\t<\/div>\n\t\t\t<\/div>\n\n\t\t\t\t\t<\/div>\n\t\t\n\t\t\t<div class=\"icon-box-content\">\n\t\t\t\t\t\t<div class=\"heading-wrap\">\n\t\t\t<h3 class=\"heading\">Paris reli\u00e9, le Paris des relieurs contemporains <\/h3>\n\t\t\t\t\t<\/div>\n\t\t\n\t\t\t\t\t\t<div class=\"description-wrap\">\n\t\t\t<div class=\"description\">\n\t\t\t\tParis, Mairie du 6\u00e8me, 2012 \t\t\t<\/div>\n\t\t<\/div>\n\t\t\n\t\t\t\t\t\t<div class=\"button-wrap\">\n\t\t\t<a class=\"icon-box-button\" href=\"http:\/\/ara-france.fr\/?page_id=7827\">> Catalogue de l'exposition<\/a>\t\t<\/div>\n\t\t\t\t\t<\/div>\n\t\t<\/div>\n\n\t\t<\/div>\t\t\t\t<\/div>\n\t\t\t\t<\/div>\n\t\t\t\t<div class=\"elementor-element elementor-element-15197b1 elementor-invisible elementor-widget elementor-widget-tm-icon-box\" data-id=\"15197b1\" data-element_type=\"widget\" data-settings=\"{&quot;_animation&quot;:&quot;billyFadeInUp&quot;}\" data-widget_type=\"tm-icon-box.default\">\n\t\t\t\t<div class=\"elementor-widget-container\">\n\t\t\t\t\t<div class=\"tm-icon-box\">\n\t\t<div class=\"icon-box-wrapper\">\n\t\t\t\t\t<div class=\"billey-icon-wrap\">\n\t\t\t<div class=\"billey-icon-view first\">\n\t\t\t\t<div class=\"billey-icon-view-inner\">\n\t\t\t\t\t\n\t\t\t\t\t<div class=\"billey-icon icon billey-solid-icon\">\n\t\t\t\t\t\t\t\t\t\t\t<\/div>\n\t\t\t\t<\/div>\n\t\t\t<\/div>\n\n\t\t\t\t\t<\/div>\n\t\t\n\t\t\t<div class=\"icon-box-content\">\n\t\t\t\t\t\t<div class=\"heading-wrap\">\n\t\t\t<h3 class=\"heading\">Regard(s) sur la reliure contemporaine <\/br> en France, 1980-2007 <\/h3>\n\t\t\t\t\t<\/div>\n\t\t\n\t\t\t\t\t\t<div class=\"description-wrap\">\n\t\t\t<div class=\"description\">\n\t\t\t\tParis, Mairie du 6\u00e8me, 2008 \t\t\t<\/div>\n\t\t<\/div>\n\t\t\n\t\t\t\t\t\t\t<\/div>\n\t\t<\/div>\n\n\t\t<\/div>\t\t\t\t<\/div>\n\t\t\t\t<\/div>\n\t\t\t\t<div class=\"elementor-element elementor-element-a88725f elementor-style-03 elementor-invisible elementor-widget elementor-widget-tm-icon-box\" data-id=\"a88725f\" data-element_type=\"widget\" data-settings=\"{&quot;_animation&quot;:&quot;billyFadeInUp&quot;}\" data-widget_type=\"tm-icon-box.default\">\n\t\t\t\t<div class=\"elementor-widget-container\">\n\t\t\t\t\t<div class=\"tm-icon-box\">\n\t\t<div class=\"icon-box-wrapper\">\n\t\t\t\t\t<div class=\"billey-icon-wrap\">\n\t\t\t<div class=\"billey-icon-view first\">\n\t\t\t\t<div class=\"billey-icon-view-inner\">\n\t\t\t\t\t\n\t\t\t\t\t<div class=\"billey-icon icon billey-solid-icon\">\n\t\t\t\t\t\t\t\t\t\t\t<\/div>\n\t\t\t\t<\/div>\n\t\t\t<\/div>\n\n\t\t\t\t\t<\/div>\n\t\t\n\t\t\t<div class=\"icon-box-content\">\n\t\t\t\t\t\t<div class=\"heading-wrap\">\n\t\t\t<h3 class=\"heading\">VIIIe le FIRA, Reliures du Monde <\/h3>\n\t\t\t\t\t<\/div>\n\t\t\n\t\t\t\t\t\t<div class=\"description-wrap\">\n\t\t\t<div class=\"description\">\n\t\t\t\tLimoges, Galerie des Hospices, 2005 \t\t\t<\/div>\n\t\t<\/div>\n\t\t\n\t\t\t\t\t\t\t<\/div>\n\t\t<\/div>\n\n\t\t<\/div>\t\t\t\t<\/div>\n\t\t\t\t<\/div>\n\t\t\t\t\t<\/div>\n\t\t<\/div>\n\t\t\t\t\t\t\t<\/div>\n\t\t<\/section>\n\t\t\t\t\t<\/div>\n\t\t<\/div>\n\t\t\t\t\t\t\t<\/div>\n\t\t<\/section>\n\t\t\t\t\t\t\t<\/div>\n\t\t","protected":false},"excerpt":{"rendered":"<p>Du 16 janvier au 07 f\u00e9vrier 2026, dans le Salon du Vieux Colombier, mairie du 6\u00e8me arrondissement de Paris Le sujet est vaste et couvre les textes depuis l\u2019Antiquit\u00e9 jusqu\u2019\u00e0 nos jours. Cela vous ouvre un choix immense, d\u2019Hom\u00e8re \u00e0 Grimm, des sagas islandaises (ch\u00e8res \u00e0 votre Pr\u00e9sident) \u00e0 Charles Perrault et tant d\u2019autres. \u00c0 vous de trouver le livre que vous aurez plaisir \u00e0 magnifier par votre travail de reliure d\u2019art. Philippe Serrier, pr\u00e9sident ARA France \u00a0 Conditions de participation Formulaire d&rsquo;inscription Fiche descriptive Expositions pass\u00e9es Livres en mains &#8211; Petits formats reli\u00e9s Paris, Mairie du 6\u00e8me, 2023 > Catalogue de l&rsquo;exposition Reliures Oc\u00e9anes Paris, Mairie du 6\u00e8me, 2016 > Catalogue de l&rsquo;exposition La Reliure en papier, la fibre cr\u00e9ative Reims, Biblioth\u00e8que Carnegie, 2013 Reliures Gourmandes Metz, L&rsquo;Arsenal, 2009 > Catalogue de l&rsquo;exposition Autour de Mallarm\u00e9, la reliure Vulaines sur Seine Mus\u00e9e St\u00e9phane Mallarm\u00e9, 2008 > CATALOGUE de l&rsquo;exposition Hommage aux \u00e9crivains de la Grande Guerre Paris, Mairie du 6\u00e8me, 2019 > Catalogue de l&rsquo;exposition XIe FIRA N\u00eemes, Carr\u00e9 d&rsquo;Art, 2014 Paris reli\u00e9, le Paris des relieurs contemporains Paris, Mairie du 6\u00e8me, 2012 > Catalogue de l&rsquo;exposition Regard(s) sur la reliure contemporaine en France, 1980-2007 Paris, Mairie du 6\u00e8me, 2008 VIIIe le FIRA, Reliures du Monde Limoges, Galerie des Hospices, 2005<\/p>\n","protected":false},"author":1,"featured_media":0,"parent":6893,"menu_order":0,"comment_status":"closed","ping_status":"closed","template":"","meta":{"footnotes":""},"class_list":["post-6917","page","type-page","status-publish","hentry","post-no-thumbnail"],"_links":{"self":[{"href":"https:\/\/ara-france.fr\/index.php?rest_route=\/wp\/v2\/pages\/6917","targetHints":{"allow":["GET"]}}],"collection":[{"href":"https:\/\/ara-france.fr\/index.php?rest_route=\/wp\/v2\/pages"}],"about":[{"href":"https:\/\/ara-france.fr\/index.php?rest_route=\/wp\/v2\/types\/page"}],"author":[{"embeddable":true,"href":"https:\/\/ara-france.fr\/index.php?rest_route=\/wp\/v2\/users\/1"}],"replies":[{"embeddable":true,"href":"https:\/\/ara-france.fr\/index.php?rest_route=%2Fwp%2Fv2%2Fcomments&post=6917"}],"version-history":[{"count":137,"href":"https:\/\/ara-france.fr\/index.php?rest_route=\/wp\/v2\/pages\/6917\/revisions"}],"predecessor-version":[{"id":9136,"href":"https:\/\/ara-france.fr\/index.php?rest_route=\/wp\/v2\/pages\/6917\/revisions\/9136"}],"up":[{"embeddable":true,"href":"https:\/\/ara-france.fr\/index.php?rest_route=\/wp\/v2\/pages\/6893"}],"wp:attachment":[{"href":"https:\/\/ara-france.fr\/index.php?rest_route=%2Fwp%2Fv2%2Fmedia&parent=6917"}],"curies":[{"name":"wp","href":"https:\/\/api.w.org\/{rel}","templated":true}]}}