{"id":8267,"date":"2022-09-16T17:45:23","date_gmt":"2022-09-16T15:45:23","guid":{"rendered":"http:\/\/ara-france.fr\/?post_type=product&#038;p=8267"},"modified":"2022-10-02T12:12:06","modified_gmt":"2022-10-02T10:12:06","slug":"reliures-gourmandes","status":"publish","type":"product","link":"https:\/\/ara-france.fr\/?product=reliures-gourmandes","title":{"rendered":"Reliures gourmandes"},"content":{"rendered":"","protected":false},"excerpt":{"rendered":"<p>A l\u2019Arsenal de Metz, les relieurs ont dress\u00e9 le couvert\u00a0: la litt\u00e9rature gourmande fait l\u2019objet de collections aupr\u00e8s de bibliophiles et de biblioth\u00e8ques poss\u00e9dant des fonds consacr\u00e9s \u00e0 l\u2019art culinaire, l\u2019\u0153nologie ou les arts de la table. Reliures Gourmandes est le r\u00e9sultat savoureux de cette cuisine savante, imaginative et parfois inattendue.<\/p>\n<p>2009 \u2013 Arsenal de Metz, France<\/p>\n","protected":false},"featured_media":8580,"template":"","meta":[],"product_cat":[15],"product_tag":[],"class_list":{"0":"post-8267","1":"product","2":"type-product","3":"status-publish","4":"has-post-thumbnail","6":"product_cat-uncategorized","8":"first","9":"instock","10":"sale","11":"shipping-taxable","12":"purchasable","13":"product-type-simple"},"_links":{"self":[{"href":"https:\/\/ara-france.fr\/index.php?rest_route=\/wp\/v2\/product\/8267","targetHints":{"allow":["GET"]}}],"collection":[{"href":"https:\/\/ara-france.fr\/index.php?rest_route=\/wp\/v2\/product"}],"about":[{"href":"https:\/\/ara-france.fr\/index.php?rest_route=\/wp\/v2\/types\/product"}],"version-history":[{"count":5,"href":"https:\/\/ara-france.fr\/index.php?rest_route=\/wp\/v2\/product\/8267\/revisions"}],"predecessor-version":[{"id":8757,"href":"https:\/\/ara-france.fr\/index.php?rest_route=\/wp\/v2\/product\/8267\/revisions\/8757"}],"wp:featuredmedia":[{"embeddable":true,"href":"https:\/\/ara-france.fr\/index.php?rest_route=\/wp\/v2\/media\/8580"}],"wp:attachment":[{"href":"https:\/\/ara-france.fr\/index.php?rest_route=%2Fwp%2Fv2%2Fmedia&parent=8267"}],"wp:term":[{"taxonomy":"product_cat","embeddable":true,"href":"https:\/\/ara-france.fr\/index.php?rest_route=%2Fwp%2Fv2%2Fproduct_cat&post=8267"},{"taxonomy":"product_tag","embeddable":true,"href":"https:\/\/ara-france.fr\/index.php?rest_route=%2Fwp%2Fv2%2Fproduct_tag&post=8267"}],"curies":[{"name":"wp","href":"https:\/\/api.w.org\/{rel}","templated":true}]}}